{"id":654,"date":"2017-11-10T20:24:21","date_gmt":"2017-11-10T20:24:21","guid":{"rendered":"https:\/\/staging.omsa.ca\/policy-updates\/"},"modified":"2017-11-10T20:24:21","modified_gmt":"2017-11-10T20:24:21","slug":"policy-updates","status":"publish","type":"page","link":"https:\/\/staging.omsa.ca\/fr\/policy-updates\/","title":{"rendered":"Policy Updates"},"content":{"rendered":"<p class=\"rtejustify\">OMSA a lanc\u00e9 le&nbsp;<strong>Initiative d&#039;\u00e9ducation en ligne sur les politiques de sant\u00e9 (OHPEI)<\/strong>&nbsp;with the goal of providing online educational materials that will increase the overall competency of medical students in the area of Health Policy. On this page, the OHPEI&nbsp;Rapid Response team&nbsp;releases infographics and updates pertaining to the latest provincial and national&nbsp;Health Policy affairs.<\/p>\n<p>[collapse collapsed title=&#8221;OMSA&nbsp;Open Letter: Repeal Bill 124&nbsp;Press Release (posted February 05, 2022)&#8221;]<\/p>\n<p>Bill 124 is an Ontario legislation that limits wage increases for nurses and actively contributes to the current nursing staffing crisis by exacerbating burnout, decreasing morale, and undervaluing the essential role that nurses play in our healthcare system. In doing so, Bill 124 threatens the quality of healthcare provided to patients across the province, and negatively impacts the training of future medical professionals. The strain Bill 124 has placed on the healthcare system will have adverse effects at all levels of care, for years to come.&nbsp;<\/p>\n<p><strong>The Ontario Medical Students Association stands with nurses in the call to immediately repeal Bill 124.<\/strong><\/p>\n<p>Read the full statement <a href=\"\/fr\/file\/665\/\" rel=\"noreferrer noopener\" target=\"_blank\">ici<\/a>.<\/p>\n<p>[\/collapse]<\/p>\n<p>[collapse collapsed title=&#8221;OMSA Bill 138 Press Release (posted November 30, 2019)&#8221;]<\/p>\n<p class=\"rtejustify\">OMSA has released an important update regarding Bill 138. &nbsp;We encourage you to read more about the Advocacy Toolkit <a href=\"https:\/\/www.askontariodoctors.ca\/doctor-action\">ici<\/a>, and review our policy update <a href=\"\/fr\/file\/386\/\">ici<\/a>.&nbsp;<\/p>\n<p>[\/collapse]<\/p>\n<p>[collapse collapsed title=&#8221;2018 Ontario Election Primer for Medical Students (posted May 18, 2018)&#8221;]<\/p>\n<p class=\"rtejustify\">OMSA has prepared a health-centered guide to the 2018 Ontario Election for medical students. We are excited that all parties have committed to pharmacare in Ontario. Their proposals discuss expanding coverage to rare diseases, seniors, or people of all ages. They also present plans for improving access to long-term care. <strong><a href=\"https:\/\/docs.google.com\/presentation\/d\/1-vy0s953vxczmsEmuBocVlMhs0g68A9V7Wkr5nuF348\/present\" rel=\"noreferrer noopener\" target=\"_blank\">Cliquez ici<\/a> to learn more about key healthcare issues in the province and get an unbiased analysis of each party&#8217;s platform to make an informed decision in the upcoming election. Don&#8217;t forget to vote!<\/strong><\/p>\n<p>[\/collapse]<\/p>\n<p>[collapse collapsed title=&#8221;Federal Small Business Tax Changes (posted December 20, 2017)&#8221;]<\/p>\n<p class=\"rtejustify\">The debate over federal taxes began on July 18, 2017, when the Liberal government announced its plan to update the Income Tax Act. The rationale was to &#8220;improve the fairness of Canada&#8217;s tax system by closing tax loopholes and amending existing rules to ensure that the richest Canadians pay their fair share of taxes&#8221;. Specifically, these proposed tax changes would affect many small businesses, which includes two-thirds of physicians. <strong><a href=\"\/fr\/file\/140\/\" rel=\"noreferrer noopener\" target=\"_blank\">Cliquez ici<\/a> for a brief summary<\/strong> of the key changes being proposed and for links to more resources. <strong><a href=\"\/fr\/file\/139\/\" rel=\"noreferrer noopener\" target=\"_blank\">Cliquez ici<\/a> for a presentation from MD Financial<\/strong> regarding the potential impact of the changes.<\/p>\n<p class=\"rtejustify\">[\/collapse]<\/p>\n<p>[collapse collapsed title=&#8221;Ontario&#8217;s Omnibus Health Bill 160 (posted December 18, 2017)&#8221;]<\/p>\n<p class=\"rtejustify\">Bill 160, officially known as &#8220;An Act to amend, repeal and enact various Acts in the interest of strengthening quality and accountability for patients&#8221; is an omnibus bill (a proposed law covering many diverse policies) that went through its first reading on September 27, 2017, and its second reading on October 26, 2017. The bill is now awaiting its third reading, before royal assent to become law. The bill is over 200 pages, and can be difficult to navigate without sufficient background. <strong><a href=\"\/fr\/file\/138\/\" rel=\"noreferrer noopener\" target=\"_blank\">Cliquez ici<\/a> for a brief summary<\/strong> of the bills that will be introduced or updated by Bill 160.<\/p>\n<p class=\"rtejustify\">[\/collapse]<\/p>\n<p>[collapse collapsed title=&#8221;OHIP for All (posted December 5, 2017)&#8221;]<\/p>\n<p class=\"rtejustify\">The OHIP for All Campaign brings together numerous public calls for action into a single, province-wide campaign based on the principle that every person has a human right to health care. The campaign calls on the Ontario government to provide OHIP for All residents of Ontario. <strong><a href=\"\/fr\/file\/127\/\" rel=\"noreferrer noopener\" target=\"_blank\">Cliquez ici<\/a> for a brief overview of the campaign.<\/strong> Please visit the <strong><a href=\"http:\/\/ohipforall.ca\/\" rel=\"noreferrer noopener\" target=\"_blank\">OHIP for All website<\/a><\/strong> if you would like to learn more or to sign the open letter.<\/p>\n<p class=\"rtejustify\">[\/collapse]<\/p>\n<p>[collapse collapsed title=&#8221;Cannabis Act (posted September 14, 2017)&#8221;]<\/p>\n<p class=\"rtejustify\">On April 13, 2017, the Government of Canada introduced the&nbsp;<a href=\"http:\/\/www.parl.ca\/LegisInfo\/BillDetails.aspx?billId=8886269&amp;Language=E&amp;Mode=1\" rel=\"noreferrer noopener\" target=\"_blank\">Cannabis Act<\/a>, which aims to legalize recreational cannabis across the country. The Rapid Response Team of OMSA&#8217;s Political Advocacy Committee has been busy working on advocacy relating to the Cannabis Act.&nbsp;<strong><a href=\"\/fr\/file\/109\/\" rel=\"noreferrer noopener\" target=\"_blank\">Cliquez ici<\/a>&nbsp;to learn more&nbsp;<\/strong>about&nbsp;the current state of the legislation, OMA recommendations and&nbsp;OMSA&#8217;s goals.<\/p>\n<p class=\"rtejustify\">[\/collapse]<\/p>\n<p>[collapse collapsed title=&#8221;Patient First Act, Bill 41 (posted January 4, 2017)&#8221;]<\/p>\n<p class=\"rtejustify\">Also known as the Patient First Act, Bill 41 makes extensive changes to Ontario&#8217;s health care policies with the aim of ensuring and improving access to primary health care. The controversial law introduces administrative sub-regions and increases government management of health care planning, funding and delivery. <strong><a href=\"\/fr\/file\/128\/\" rel=\"noreferrer noopener\" target=\"_blank\">Cliquez ici<\/a> for a concise student&#8217;s guide to the Patient First Act<\/strong>.<\/p>\n<p class=\"rtejustify\">[\/collapse]<\/p>","protected":false},"excerpt":{"rendered":"<p>OMSA launched the&nbsp;Online Health Policy Education Initiative (OHPEI)&nbsp;with the goal of providing online educational materials that will increase the overall competency of medical students in the area of Health Policy. On this page, the OHPEI&nbsp;Rapid Response team&nbsp;releases infographics and updates pertaining to the latest provincial and national&nbsp;Health Policy affairs. [collapse collapsed title=&#8221;OMSA&nbsp;Open Letter: Repeal Bill [&hellip;]<\/p>","protected":false},"author":4,"featured_media":0,"parent":0,"menu_order":0,"comment_status":"closed","ping_status":"closed","template":"","meta":{"footnotes":""},"class_list":["post-654","page","type-page","status-publish","hentry"],"acf":[],"_links":{"self":[{"href":"https:\/\/staging.omsa.ca\/fr\/wp-json\/wp\/v2\/pages\/654","targetHints":{"allow":["GET"]}}],"collection":[{"href":"https:\/\/staging.omsa.ca\/fr\/wp-json\/wp\/v2\/pages"}],"about":[{"href":"https:\/\/staging.omsa.ca\/fr\/wp-json\/wp\/v2\/types\/page"}],"author":[{"embeddable":true,"href":"https:\/\/staging.omsa.ca\/fr\/wp-json\/wp\/v2\/users\/4"}],"replies":[{"embeddable":true,"href":"https:\/\/staging.omsa.ca\/fr\/wp-json\/wp\/v2\/comments?post=654"}],"version-history":[{"count":1,"href":"https:\/\/staging.omsa.ca\/fr\/wp-json\/wp\/v2\/pages\/654\/revisions"}],"predecessor-version":[{"id":5243,"href":"https:\/\/staging.omsa.ca\/fr\/wp-json\/wp\/v2\/pages\/654\/revisions\/5243"}],"wp:attachment":[{"href":"https:\/\/staging.omsa.ca\/fr\/wp-json\/wp\/v2\/media?parent=654"}],"curies":[{"name":"wp","href":"https:\/\/api.w.org\/{rel}","templated":true}]}}